{"id":7716,"date":"2026-01-19T18:38:48","date_gmt":"2026-01-19T18:38:48","guid":{"rendered":"https:\/\/bbgntech.com\/batiments-sains\/"},"modified":"2026-02-03T19:03:05","modified_gmt":"2026-02-03T19:03:05","slug":"batiments-sains","status":"publish","type":"page","link":"https:\/\/bbgntech.com\/fr\/batiments-sains\/","title":{"rendered":"B\u00e2timents sains"},"content":{"rendered":"\t\t<div data-elementor-type=\"wp-page\" data-elementor-id=\"7716\" class=\"elementor elementor-7716 elementor-7546\">\n\t\t\t\t<div class=\"elementor-element elementor-element-41da71a e-flex e-con-boxed e-con e-parent\" data-id=\"41da71a\" data-element_type=\"container\" data-e-type=\"container\" data-settings=\"{&quot;background_background&quot;:&quot;classic&quot;}\">\n\t\t\t\t\t<div class=\"e-con-inner\">\n\t\t\t\t<div class=\"elementor-element elementor-element-e9985a7 elementor-widget elementor-widget-page-title\" data-id=\"e9985a7\" data-element_type=\"widget\" data-e-type=\"widget\" data-settings=\"{&quot;align&quot;:&quot;left&quot;}\" data-widget_type=\"page-title.default\">\n\t\t\t\t<div class=\"elementor-widget-container\">\n\t\t\t\t\t\t\t\n\t\t<div class=\"hfe-page-title hfe-page-title-wrapper elementor-widget-heading\">\n\n\t\t\t\t\t\t\t\t\t\t\t<a href=\"https:\/\/bbgntech.com\/fr\/\">\n\t\t\t\t\t\t<h1 class=\"elementor-heading-title elementor-size-default\">\n\t\t\t\t\t\t\t\t\n\t\t\t\tB\u00e2timents sains  \n\t\t\t<\/h1 > \n\t\t\t\t\t\t\t\t\t<\/a>\n\t\t\t\t\t<\/div>\n\t\t\t\t\t\t<\/div>\n\t\t\t\t<\/div>\n\t\t\t\t<div class=\"elementor-element elementor-element-635d079 elementor-widget elementor-widget-hfe-breadcrumbs-widget\" data-id=\"635d079\" data-element_type=\"widget\" data-e-type=\"widget\" data-widget_type=\"hfe-breadcrumbs-widget.default\">\n\t\t\t\t<div class=\"elementor-widget-container\">\n\t\t\t\t\t<nav aria-label=\"Breadcrumb\"><ul class=\"hfe-breadcrumbs hfe-breadcrumbs-show-home\"><li class=\"hfe-breadcrumbs-item hfe-breadcrumbs-first\"><span class=\"hfe-breadcrumbs-home-icon\"><\/span><a href=\"https:\/\/bbgntech.com\/fr\/\"><span class=\"hfe-breadcrumbs-text\">Accueil<\/span><\/a><\/li><\/ul><\/nav>\t\t\t\t<\/div>\n\t\t\t\t<\/div>\n\t\t\t\t\t<\/div>\n\t\t\t\t<\/div>\n\t\t<div class=\"elementor-element elementor-element-7583019 e-flex e-con-boxed e-con e-parent\" data-id=\"7583019\" data-element_type=\"container\" data-e-type=\"container\">\n\t\t\t\t\t<div class=\"e-con-inner\">\n\t\t<div class=\"elementor-element elementor-element-7b3d37f e-con-full e-flex e-con e-child\" data-id=\"7b3d37f\" data-element_type=\"container\" data-e-type=\"container\">\n\t\t\t\t<div class=\"elementor-element elementor-element-c51d246 elementor-widget elementor-widget-heading\" data-id=\"c51d246\" data-element_type=\"widget\" data-e-type=\"widget\" data-widget_type=\"heading.default\">\n\t\t\t\t\t<h4 class=\"elementor-heading-title elementor-size-default\">Des espaces r\u00e9silients, pr\u00eats pour l\u2019avenir<\/h4>\t\t\t\t<\/div>\n\t\t\t\t<div class=\"elementor-element elementor-element-bd963e2 elementor-widget elementor-widget-heading\" data-id=\"bd963e2\" data-element_type=\"widget\" data-e-type=\"widget\" data-widget_type=\"heading.default\">\n\t\t\t\t\t<h2 class=\"elementor-heading-title elementor-size-default\">Strat\u00e9gie pour des b\u00e2timents sains<\/h2>\t\t\t\t<\/div>\n\t\t\t\t<div class=\"elementor-element elementor-element-246b198 elementor-widget elementor-widget-heading\" data-id=\"246b198\" data-element_type=\"widget\" data-e-type=\"widget\" data-widget_type=\"heading.default\">\n\t\t\t\t\t<h3 class=\"elementor-heading-title elementor-size-default\">Qualit\u00e9 de l\u2019air et bien-\u00eatre des occupants<\/h3>\t\t\t\t<\/div>\n\t\t\t\t<div class=\"elementor-element elementor-element-2582690 elementor-widget-divider--separator-type-pattern elementor-widget-divider--view-line elementor-widget elementor-widget-divider\" data-id=\"2582690\" data-element_type=\"widget\" data-e-type=\"widget\" data-widget_type=\"divider.default\">\n\t\t\t\t\t\t\t<div class=\"elementor-divider\" style=\"--divider-pattern-url: url(&quot;data:image\/svg+xml,%3Csvg xmlns=&#039;http:\/\/www.w3.org\/2000\/svg&#039; preserveAspectRatio=&#039;none&#039; overflow=&#039;visible&#039; height=&#039;100%&#039; viewBox=&#039;0 0 24 24&#039; fill=&#039;none&#039; stroke=&#039;black&#039; stroke-width=&#039;2&#039; stroke-linecap=&#039;square&#039; stroke-miterlimit=&#039;10&#039;%3E%3Cpath d=&#039;M0,6c6,0,0.9,11.1,6.9,11.1S18,6,24,6&#039;\/%3E%3C\/svg%3E&quot;);\">\n\t\t\t<span class=\"elementor-divider-separator\">\n\t\t\t\t\t\t<\/span>\n\t\t<\/div>\n\t\t\t\t\t\t<\/div>\n\t\t\t\t<div class=\"elementor-element elementor-element-7dbffd3 elementor-widget elementor-widget-text-editor\" data-id=\"7dbffd3\" data-element_type=\"widget\" data-e-type=\"widget\" data-widget_type=\"text-editor.default\">\n\t\t\t\t\t\t\t\t\tTrouver l\u2019\u00e9quilibre entre la qualit\u00e9 de l\u2019air int\u00e9rieur, l\u2019efficacit\u00e9 \u00e9nerg\u00e9tique et le confort des occupants est un enjeu majeur. Notre approche int\u00e8gre des strategies avanc\u00e9es de filtration, de ventilation et de contr\u00f4le environnemental afin de r\u00e9duire les contaminants a\u00e9roport\u00e9s et de renforcer la r\u00e9silience des b\u00e2timents.\t\t\t\t\t\t\t\t<\/div>\n\t\t\t\t<div class=\"elementor-element elementor-element-02bd02b elementor-widget elementor-widget-text-editor\" data-id=\"02bd02b\" data-element_type=\"widget\" data-e-type=\"widget\" data-widget_type=\"text-editor.default\">\n\t\t\t\t\t\t\t\t\t<p><strong>Nos expertises<\/strong><\/p><ul style=\"margin-left: 20px;\"><li>Accompagnement en conception \u2013 approche strat\u00e9gique<\/li><li>Technologies de filtration avanc\u00e9es<\/li><li>Anticiper, \u00e9valuer et g\u00e9rer les contaminants de l\u2019environnement int\u00e9rieur<\/li><li>Mise en priorit\u00e9 de la qualit\u00e9 de l\u2019air, de la ventilation, du confort thermique et du contr\u00f4le de l\u2019humidit\u00e9<\/li><li>Mod\u00e9lisation pr\u00e9dictive des flux d\u2019a\u00e9rosols et des trajectoires de circulation de l\u2019air<\/li><\/ul>\t\t\t\t\t\t\t\t<\/div>\n\t\t\t\t<\/div>\n\t\t<div class=\"elementor-element elementor-element-46fd177 e-flex e-con-boxed e-con e-child\" data-id=\"46fd177\" data-element_type=\"container\" data-e-type=\"container\">\n\t\t\t\t\t<div class=\"e-con-inner\">\n\t\t\t\t<div class=\"elementor-element elementor-element-9390c15 elementor-widget elementor-widget-image\" data-id=\"9390c15\" data-element_type=\"widget\" data-e-type=\"widget\" data-widget_type=\"image.default\">\n\t\t\t\t\t\t\t\t\t\t\t\t\t\t\t<img fetchpriority=\"high\" fetchpriority=\"high\" decoding=\"async\" width=\"1410\" height=\"1780\" src=\"https:\/\/bbgntech.com\/wp-content\/uploads\/2026\/02\/iStock-2223733603-e1770145321822.webp\" class=\"attachment-full size-full wp-image-7866\" alt=\"\" srcset=\"https:\/\/bbgntech.com\/wp-content\/uploads\/2026\/02\/iStock-2223733603-e1770145321822.webp 1410w, https:\/\/bbgntech.com\/wp-content\/uploads\/2026\/02\/iStock-2223733603-e1770145321822-238x300.webp 238w, https:\/\/bbgntech.com\/wp-content\/uploads\/2026\/02\/iStock-2223733603-e1770145321822-811x1024.webp 811w, https:\/\/bbgntech.com\/wp-content\/uploads\/2026\/02\/iStock-2223733603-e1770145321822-768x970.webp 768w, https:\/\/bbgntech.com\/wp-content\/uploads\/2026\/02\/iStock-2223733603-e1770145321822-1217x1536.webp 1217w\" sizes=\"(max-width: 1410px) 100vw, 1410px\" \/>\t\t\t\t\t\t\t\t\t\t\t\t\t\t\t<\/div>\n\t\t\t\t\t<\/div>\n\t\t\t\t<\/div>\n\t\t\t\t\t<\/div>\n\t\t\t\t<\/div>\n\t\t<div class=\"elementor-element elementor-element-e4d1d03 e-flex e-con-boxed e-con e-parent\" data-id=\"e4d1d03\" data-element_type=\"container\" data-e-type=\"container\" data-settings=\"{&quot;background_background&quot;:&quot;classic&quot;,&quot;shape_divider_bottom&quot;:&quot;mountains&quot;,&quot;shape_divider_top&quot;:&quot;mountains&quot;}\">\n\t\t\t\t\t<div class=\"e-con-inner\">\n\t\t\t\t<div class=\"elementor-shape elementor-shape-top\" aria-hidden=\"true\" data-negative=\"false\">\n\t\t\t<svg xmlns=\"http:\/\/www.w3.org\/2000\/svg\" viewBox=\"0 0 1000 100\" preserveAspectRatio=\"none\">\n\t<path class=\"elementor-shape-fill\" opacity=\"0.33\" d=\"M473,67.3c-203.9,88.3-263.1-34-320.3,0C66,119.1,0,59.7,0,59.7V0h1000v59.7 c0,0-62.1,26.1-94.9,29.3c-32.8,3.3-62.8-12.3-75.8-22.1C806,49.6,745.3,8.7,694.9,4.7S492.4,59,473,67.3z\"\/>\n\t<path class=\"elementor-shape-fill\" opacity=\"0.66\" d=\"M734,67.3c-45.5,0-77.2-23.2-129.1-39.1c-28.6-8.7-150.3-10.1-254,39.1 s-91.7-34.4-149.2,0C115.7,118.3,0,39.8,0,39.8V0h1000v36.5c0,0-28.2-18.5-92.1-18.5C810.2,18.1,775.7,67.3,734,67.3z\"\/>\n\t<path class=\"elementor-shape-fill\" d=\"M766.1,28.9c-200-57.5-266,65.5-395.1,19.5C242,1.8,242,5.4,184.8,20.6C128,35.8,132.3,44.9,89.9,52.5C28.6,63.7,0,0,0,0 h1000c0,0-9.9,40.9-83.6,48.1S829.6,47,766.1,28.9z\"\/>\n<\/svg>\t\t<\/div>\n\t\t\t\t<div class=\"elementor-shape elementor-shape-bottom\" aria-hidden=\"true\" data-negative=\"false\">\n\t\t\t<svg xmlns=\"http:\/\/www.w3.org\/2000\/svg\" viewBox=\"0 0 1000 100\" preserveAspectRatio=\"none\">\n\t<path class=\"elementor-shape-fill\" opacity=\"0.33\" d=\"M473,67.3c-203.9,88.3-263.1-34-320.3,0C66,119.1,0,59.7,0,59.7V0h1000v59.7 c0,0-62.1,26.1-94.9,29.3c-32.8,3.3-62.8-12.3-75.8-22.1C806,49.6,745.3,8.7,694.9,4.7S492.4,59,473,67.3z\"\/>\n\t<path class=\"elementor-shape-fill\" opacity=\"0.66\" d=\"M734,67.3c-45.5,0-77.2-23.2-129.1-39.1c-28.6-8.7-150.3-10.1-254,39.1 s-91.7-34.4-149.2,0C115.7,118.3,0,39.8,0,39.8V0h1000v36.5c0,0-28.2-18.5-92.1-18.5C810.2,18.1,775.7,67.3,734,67.3z\"\/>\n\t<path class=\"elementor-shape-fill\" d=\"M766.1,28.9c-200-57.5-266,65.5-395.1,19.5C242,1.8,242,5.4,184.8,20.6C128,35.8,132.3,44.9,89.9,52.5C28.6,63.7,0,0,0,0 h1000c0,0-9.9,40.9-83.6,48.1S829.6,47,766.1,28.9z\"\/>\n<\/svg>\t\t<\/div>\n\t\t<div class=\"elementor-element elementor-element-935d1dd e-con-full e-flex e-con e-child\" data-id=\"935d1dd\" data-element_type=\"container\" data-e-type=\"container\">\n\t\t\t\t<div class=\"elementor-element elementor-element-5c2cbe4 elementor-widget elementor-widget-heading\" data-id=\"5c2cbe4\" data-element_type=\"widget\" data-e-type=\"widget\" data-widget_type=\"heading.default\">\n\t\t\t\t\t<h4 class=\"elementor-heading-title elementor-size-default\">Optimisation de la performance de l\u2019air int\u00e9rieur<\/h4>\t\t\t\t<\/div>\n\t\t\t\t<div class=\"elementor-element elementor-element-03da205 elementor-widget elementor-widget-heading\" data-id=\"03da205\" data-element_type=\"widget\" data-e-type=\"widget\" data-widget_type=\"heading.default\">\n\t\t\t\t\t<h2 class=\"elementor-heading-title elementor-size-default\">Des solutions con\u00e7ues pour des b\u00e2timents sains<\/h2>\t\t\t\t<\/div>\n\t\t\t\t<div class=\"elementor-element elementor-element-7bbb0b3 elementor-widget-divider--separator-type-pattern elementor-widget-divider--view-line elementor-widget elementor-widget-divider\" data-id=\"7bbb0b3\" data-element_type=\"widget\" data-e-type=\"widget\" data-widget_type=\"divider.default\">\n\t\t\t\t\t\t\t<div class=\"elementor-divider\" style=\"--divider-pattern-url: url(&quot;data:image\/svg+xml,%3Csvg xmlns=&#039;http:\/\/www.w3.org\/2000\/svg&#039; preserveAspectRatio=&#039;none&#039; overflow=&#039;visible&#039; height=&#039;100%&#039; viewBox=&#039;0 0 24 24&#039; fill=&#039;none&#039; stroke=&#039;black&#039; stroke-width=&#039;2&#039; stroke-linecap=&#039;square&#039; stroke-miterlimit=&#039;10&#039;%3E%3Cpath d=&#039;M0,6c6,0,0.9,11.1,6.9,11.1S18,6,24,6&#039;\/%3E%3C\/svg%3E&quot;);\">\n\t\t\t<span class=\"elementor-divider-separator\">\n\t\t\t\t\t\t<\/span>\n\t\t<\/div>\n\t\t\t\t\t\t<\/div>\n\t\t<div class=\"elementor-element elementor-element-9c241e7 e-con-full e-flex e-con e-child\" data-id=\"9c241e7\" data-element_type=\"container\" data-e-type=\"container\">\n\t\t<div class=\"elementor-element elementor-element-d8db76e e-con-full e-flex e-con e-child\" data-id=\"d8db76e\" data-element_type=\"container\" data-e-type=\"container\">\n\t\t\t\t<div class=\"elementor-element elementor-element-c0ed3f0 elementor-widget elementor-widget-text-editor\" data-id=\"c0ed3f0\" data-element_type=\"widget\" data-e-type=\"widget\" data-widget_type=\"text-editor.default\">\n\t\t\t\t\t\t\t\t\tAtteindre un \u00e9quilibre entre la qualit\u00e9 de l\u2019air int\u00e9rieur (QAI), la consommation \u00e9nerg\u00e9tique et le confort des occupants repr\u00e9sente un d\u00e9fi complexe dans l\u2019environnement b\u00e2ti. Les syst\u00e8mes de chauffage, de ventilation et de climatisation (HVAC) jouent un r\u00f4le cl\u00e9 dans la r\u00e9duction de la transmission du SARS-CoV-2, le virus responsable de la COVID-19, tout en \u00e9liminant d\u2019autres contaminants de l\u2019air pouvant avoir des effets n\u00e9gatifs sur la sant\u00e9. L\u2019American Society of Heating, Refrigerating and Air-Conditioning Engineers (ASHRAE) s\u2019appuie sur des lignes directrices et des normes reconnues afin de faire progresser la science du b\u00e2timent et la qualit\u00e9 des environnements int\u00e9rieurs. Notre approche consiste \u00e0 analyser et \u00e0 appliquer les m\u00e9thodes de conception les plus efficaces en mati\u00e8re de filtration, avec un objectif clair : concevoir et <strong style=\"white-space: nowrap;color:#2F6DB6;\">maintenir des b\u00e2timents v\u00e9ritablement sains.<\/strong>\n<br><br>Plut\u00f4t que de se limiter \u00e0 la dilution des contaminants par l\u2019apport d\u2019air ext\u00e9rieur, une conception int\u00e9grant une filtration am\u00e9lior\u00e9e de l\u2019air recircul\u00e9 et de l\u2019air de ventilation permet d\u2019am\u00e9liorer significativement la qualit\u00e9 de l\u2019air int\u00e9rieur et de mieux prot\u00e9ger les occupants. Un contr\u00f4le ad\u00e9quat de l\u2019humidit\u00e9 s\u2019est \u00e9galement av\u00e9r\u00e9 r\u00e9duire les risques li\u00e9s aux agents pathog\u00e8nes a\u00e9roport\u00e9s et doit faire partie int\u00e9grante de toute strat\u00e9gie de QAI. L\u2019application de syst\u00e8mes de filtration particulaire, gazeuse et biologique avanc\u00e9s, conformes \u00e0 la norme ASHRAE 62.1 Ventilation for Acceptable Indoor Air Quality et \u00e0 la norme ASHRAE 241 Control of Infectious Aerosols, s\u2019inscrit dans une approche d\u2019ing\u00e9nierie globale et coh\u00e9rente.\t\t\t\t\t\t\t\t<\/div>\n\t\t\t\t<\/div>\n\t\t\t\t<\/div>\n\t\t\t\t<\/div>\n\t\t\t\t\t<\/div>\n\t\t\t\t<\/div>\n\t\t<div class=\"elementor-element elementor-element-188e9b5 e-flex e-con-boxed e-con e-parent\" data-id=\"188e9b5\" data-element_type=\"container\" data-e-type=\"container\" data-settings=\"{&quot;background_background&quot;:&quot;classic&quot;}\">\n\t\t\t\t\t<div class=\"e-con-inner\">\n\t\t<div class=\"elementor-element elementor-element-9b5b32a e-con-full e-flex e-con e-child\" data-id=\"9b5b32a\" data-element_type=\"container\" data-e-type=\"container\">\n\t\t<div class=\"elementor-element elementor-element-c0bf8c8 e-con-full e-flex e-con e-child\" data-id=\"c0bf8c8\" data-element_type=\"container\" data-e-type=\"container\">\n\t\t\t\t<div class=\"elementor-element elementor-element-27b4284 elementor-widget elementor-widget-heading\" data-id=\"27b4284\" data-element_type=\"widget\" data-e-type=\"widget\" data-widget_type=\"heading.default\">\n\t\t\t\t\t<h3 class=\"elementor-heading-title elementor-size-default\">Des b\u00e2timents sains optimis\u00e9s pour<\/h3>\t\t\t\t<\/div>\n\t\t\t\t<div class=\"elementor-element elementor-element-ff93ee3 elementor-widget elementor-widget-heading\" data-id=\"ff93ee3\" data-element_type=\"widget\" data-e-type=\"widget\" data-widget_type=\"heading.default\">\n\t\t\t\t\t<h4 class=\"elementor-heading-title elementor-size-default\">Confort \u2013 S\u00e9curit\u00e9 \u2013 Performance<\/h4>\t\t\t\t<\/div>\n\t\t\t\t<\/div>\n\t\t\t\t<\/div>\n\t\t\t\t\t<\/div>\n\t\t\t\t<\/div>\n\t\t<div class=\"elementor-element elementor-element-f7e65ee e-flex e-con-boxed e-con e-parent\" data-id=\"f7e65ee\" data-element_type=\"container\" data-e-type=\"container\">\n\t\t\t\t\t<div class=\"e-con-inner\">\n\t\t<div class=\"elementor-element elementor-element-8daf9ad e-con-full e-flex e-con e-child\" data-id=\"8daf9ad\" data-element_type=\"container\" data-e-type=\"container\">\n\t\t\t\t<div class=\"elementor-element elementor-element-1742bfe elementor-widget elementor-widget-image\" data-id=\"1742bfe\" data-element_type=\"widget\" data-e-type=\"widget\" data-widget_type=\"image.default\">\n\t\t\t\t\t\t\t\t\t\t\t\t\t\t\t<img decoding=\"async\" width=\"1414\" height=\"2121\" src=\"https:\/\/bbgntech.com\/wp-content\/uploads\/2026\/02\/iStock-533983034.webp\" class=\"attachment-full size-full wp-image-7867\" alt=\"\" srcset=\"https:\/\/bbgntech.com\/wp-content\/uploads\/2026\/02\/iStock-533983034.webp 1414w, https:\/\/bbgntech.com\/wp-content\/uploads\/2026\/02\/iStock-533983034-200x300.webp 200w, https:\/\/bbgntech.com\/wp-content\/uploads\/2026\/02\/iStock-533983034-683x1024.webp 683w, https:\/\/bbgntech.com\/wp-content\/uploads\/2026\/02\/iStock-533983034-768x1152.webp 768w, https:\/\/bbgntech.com\/wp-content\/uploads\/2026\/02\/iStock-533983034-1024x1536.webp 1024w, https:\/\/bbgntech.com\/wp-content\/uploads\/2026\/02\/iStock-533983034-1365x2048.webp 1365w\" sizes=\"(max-width: 1414px) 100vw, 1414px\" \/>\t\t\t\t\t\t\t\t\t\t\t\t\t\t\t<\/div>\n\t\t\t\t<\/div>\n\t\t<div class=\"elementor-element elementor-element-d934fd1 e-con-full e-flex e-con e-child\" data-id=\"d934fd1\" data-element_type=\"container\" data-e-type=\"container\">\n\t\t\t\t<div class=\"elementor-element elementor-element-739c84c elementor-widget elementor-widget-heading\" data-id=\"739c84c\" data-element_type=\"widget\" data-e-type=\"widget\" data-widget_type=\"heading.default\">\n\t\t\t\t\t<h4 class=\"elementor-heading-title elementor-size-default\">Des b\u00e2timents pr\u00eats pour l\u2019avenir<\/h4>\t\t\t\t<\/div>\n\t\t\t\t<div class=\"elementor-element elementor-element-ba83bdf elementor-widget elementor-widget-heading\" data-id=\"ba83bdf\" data-element_type=\"widget\" data-e-type=\"widget\" data-widget_type=\"heading.default\">\n\t\t\t\t\t<h2 class=\"elementor-heading-title elementor-size-default\">La r\u00e9silience des b\u00e2timents<\/h2>\t\t\t\t<\/div>\n\t\t\t\t<div class=\"elementor-element elementor-element-e04afed elementor-widget elementor-widget-heading\" data-id=\"e04afed\" data-element_type=\"widget\" data-e-type=\"widget\" data-widget_type=\"heading.default\">\n\t\t\t\t\t<h3 class=\"elementor-heading-title elementor-size-default\">face aux changements climatiques<\/h3>\t\t\t\t<\/div>\n\t\t\t\t<div class=\"elementor-element elementor-element-0f290b5 elementor-widget-divider--separator-type-pattern elementor-widget-divider--view-line elementor-widget elementor-widget-divider\" data-id=\"0f290b5\" data-element_type=\"widget\" data-e-type=\"widget\" data-widget_type=\"divider.default\">\n\t\t\t\t\t\t\t<div class=\"elementor-divider\" style=\"--divider-pattern-url: url(&quot;data:image\/svg+xml,%3Csvg xmlns=&#039;http:\/\/www.w3.org\/2000\/svg&#039; preserveAspectRatio=&#039;none&#039; overflow=&#039;visible&#039; height=&#039;100%&#039; viewBox=&#039;0 0 24 24&#039; fill=&#039;none&#039; stroke=&#039;black&#039; stroke-width=&#039;2&#039; stroke-linecap=&#039;square&#039; stroke-miterlimit=&#039;10&#039;%3E%3Cpath d=&#039;M0,6c6,0,0.9,11.1,6.9,11.1S18,6,24,6&#039;\/%3E%3C\/svg%3E&quot;);\">\n\t\t\t<span class=\"elementor-divider-separator\">\n\t\t\t\t\t\t<\/span>\n\t\t<\/div>\n\t\t\t\t\t\t<\/div>\n\t\t\t\t<div class=\"elementor-element elementor-element-03e8a7c elementor-widget elementor-widget-text-editor\" data-id=\"03e8a7c\" data-element_type=\"widget\" data-e-type=\"widget\" data-widget_type=\"text-editor.default\">\n\t\t\t\t\t\t\t\t\tDes feux de for\u00eat r\u00e9cents \u00e0 la pollution atmosph\u00e9rique, en passant par les vagues de chaleur extr\u00eame, les effets des changements climatiques se font sentir partout dans le monde. Bien que ces enjeux soient souvent associ\u00e9s \u00e0 l\u2019environnement ext\u00e9rieur, la majorit\u00e9 de l\u2019exposition humaine \u00e0 la pollution ext\u00e9rieure \u2014 y compris la fum\u00e9e des feux de for\u00eat \u2014 se produit en r\u00e9alit\u00e9 \u00e0 l\u2019int\u00e9rieur des b\u00e2timents. Alors que la crise climatique devient de plus en plus urgente, il est temps de repenser la mani\u00e8re dont nos b\u00e2timents peuvent r\u00e9agir pour nous prot\u00e9ger contre une vari\u00e9t\u00e9 de menaces environnementales.\t\t\t\t\t\t\t\t<\/div>\n\t\t\t\t<div class=\"elementor-element elementor-element-6867407 elementor-widget elementor-widget-text-editor\" data-id=\"6867407\" data-element_type=\"widget\" data-e-type=\"widget\" data-widget_type=\"text-editor.default\">\n\t\t\t\t\t\t\t\t\t<p>Gr\u00e2ce \u00e0 des strat\u00e9gies et des solutions appropri\u00e9es, des b\u00e2timents r\u00e9silients peuvent devenir des outils puissants pour prot\u00e9ger les occupants de la pollution, de la chaleur et d\u2019autres menaces environnementales, tout en contribuant \u00e0 la sant\u00e9, \u00e0 la performance et \u00e0 la productivit\u00e9 globale. Les conceptions de nouvelles constructions et de r\u00e9novations doivent \u00eatre envisag\u00e9es en tenant compte de la mani\u00e8re dont les \u00e9quipements CVC, les solutions num\u00e9riques et les services peuvent am\u00e9liorer les r\u00e9sultats et renforcer la r\u00e9silience des b\u00e2timents \u00e0 l\u2019avenir.<\/p>\t\t\t\t\t\t\t\t<\/div>\n\t\t\t\t<div class=\"elementor-element elementor-element-d6c54ce elementor-widget elementor-widget-text-editor\" data-id=\"d6c54ce\" data-element_type=\"widget\" data-e-type=\"widget\" data-widget_type=\"text-editor.default\">\n\t\t\t\t\t\t\t\t\t<p>Les aspects pertinents de la norme ANSI\/ASHRAE 62.1 sur la ventilation et la qualit\u00e9 de l\u2019air int\u00e9rieur acceptable doivent \u00eatre examin\u00e9s, ainsi que les derni\u00e8res strat\u00e9gies de conception CVC d\u00e9crites dans la norme ASHRAE 241 sur le contr\u00f4le des a\u00e9rosols infectieux.<\/p>\t\t\t\t\t\t\t\t<\/div>\n\t\t\t\t<\/div>\n\t\t\t\t\t<\/div>\n\t\t\t\t<\/div>\n\t\t\t\t<\/div>\n\t\t","protected":false},"excerpt":{"rendered":"<p>Healthy Buildings Accueil Des espaces r\u00e9silients, pr\u00eats pour l\u2019avenir Strat\u00e9gie pour des b\u00e2timents sains Qualit\u00e9 de l\u2019air et bien-\u00eatre des occupants Trouver l\u2019\u00e9quilibre entre la qualit\u00e9 de l\u2019air int\u00e9rieur, l\u2019efficacit\u00e9 \u00e9nerg\u00e9tique et le confort des occupants est un enjeu majeur. Notre approche int\u00e8gre des strategies avanc\u00e9es de filtration, de ventilation et de contr\u00f4le environnemental afin [&hellip;]<\/p>\n","protected":false},"author":2,"featured_media":0,"parent":0,"menu_order":0,"comment_status":"closed","ping_status":"closed","template":"elementor_header_footer","meta":{"footnotes":""},"class_list":["post-7716","page","type-page","status-publish","hentry"],"_links":{"self":[{"href":"https:\/\/bbgntech.com\/fr\/wp-json\/wp\/v2\/pages\/7716","targetHints":{"allow":["GET"]}}],"collection":[{"href":"https:\/\/bbgntech.com\/fr\/wp-json\/wp\/v2\/pages"}],"about":[{"href":"https:\/\/bbgntech.com\/fr\/wp-json\/wp\/v2\/types\/page"}],"author":[{"embeddable":true,"href":"https:\/\/bbgntech.com\/fr\/wp-json\/wp\/v2\/users\/2"}],"replies":[{"embeddable":true,"href":"https:\/\/bbgntech.com\/fr\/wp-json\/wp\/v2\/comments?post=7716"}],"version-history":[{"count":4,"href":"https:\/\/bbgntech.com\/fr\/wp-json\/wp\/v2\/pages\/7716\/revisions"}],"predecessor-version":[{"id":7868,"href":"https:\/\/bbgntech.com\/fr\/wp-json\/wp\/v2\/pages\/7716\/revisions\/7868"}],"wp:attachment":[{"href":"https:\/\/bbgntech.com\/fr\/wp-json\/wp\/v2\/media?parent=7716"}],"curies":[{"name":"wp","href":"https:\/\/api.w.org\/{rel}","templated":true}]}}